{"id":28,"date":"2018-08-20T18:28:38","date_gmt":"2018-08-20T16:28:38","guid":{"rendered":"http:\/\/www.th39-trendhotel.de\/?page_id=28"},"modified":"2025-01-20T13:49:40","modified_gmt":"2025-01-20T12:49:40","slug":"impressum","status":"publish","type":"page","link":"https:\/\/www.th39-trendhotel.de\/de\/impressum\/","title":{"rendered":"Impressum"},"content":{"rendered":"<div id='av_section_1'  class='avia-section av-rl5k-dbdd4b3a0577c3d2a156684c978b88fb main_color avia-section-default avia-no-border-styling  avia-builder-el-0  avia-builder-el-no-sibling  avia-bg-style-scroll container_wrap fullsize'  ><div class='container av-section-cont-open' ><main  role=\"main\" itemprop=\"mainContentOfPage\"  class='template-page content  av-content-full alpha units'><div class='post-entry post-entry-type-page post-entry-28'><div class='entry-content-wrapper clearfix'>\n\n<style type=\"text\/css\" data-created_by=\"avia_inline_auto\" id=\"style-css-av-1mgyk-cd932f214f3fab194bdd109ce1c7c52c\">\n.flex_column.av-1mgyk-cd932f214f3fab194bdd109ce1c7c52c{\nborder-radius:0px 0px 0px 0px;\npadding:0px 0px 0px 0px;\n}\n<\/style>\n<div  class='flex_column av-1mgyk-cd932f214f3fab194bdd109ce1c7c52c av_three_fifth  avia-builder-el-1  el_before_av_two_fifth  avia-builder-el-first  first flex_column_div av-zero-column-padding  '     ><section  class='av_textblock_section av-jv3iuzb6-cb393459acbd3d735499c94aa7118592 '   itemscope=\"itemscope\" itemtype=\"https:\/\/schema.org\/CreativeWork\" ><div class='avia_textblock'  itemprop=\"text\" ><h1>Impressum<\/h1>\n<h3>Angaben gem\u00e4\u00df \u00a7 5 TMG<\/h3>\n<p>HOTACC Hotelbetriebs GmbH<br \/>\nAn der Oberpforte 7<br \/>\n60388 Frankfurt am Main<\/p>\n<h3>vertreten durch den Gesch\u00e4ftsf\u00fchrer<\/h3>\n<p>Gerhard Knapp<\/p>\n<p>Telefon: +49\u00a06101 995 1746<br \/>\nE-Mail: info@th39-trendhotel.de<\/p>\n<h3>Streitschlichtung<\/h3>\n<p>Die Europ\u00e4ische Kommission stellt eine Plattform zur Online-Streitbeilegung (OS) bereit: <a href=\"https:\/\/ec.europa.eu\/consumers\/odr\" target=\"_blank\" rel=\"noopener\">https:\/\/ec.europa.eu\/consumers\/odr<\/a>.<br \/>\nUnsere E-Mail-Adresse finden Sie oben im Impressum.<\/p>\n<p>Wir sind nicht bereit oder verpflichtet, an Streitbeilegungsverfahren vor einer Verbraucherschlichtungsstelle teilzunehmen.<\/p>\n<h3>Haftung f\u00fcr Inhalte<\/h3>\n<p>Als Diensteanbieter sind wir gem\u00e4\u00df \u00a7 7 Abs.1 TMG f\u00fcr eigene Inhalte auf diesen Seiten nach den allgemeinen Gesetzen verantwortlich. Nach \u00a7\u00a7 8 bis 10 TMG sind wir als Diensteanbieter jedoch nicht verpflichtet, \u00fcbermittelte oder gespeicherte fremde Informationen zu \u00fcberwachen oder nach Umst\u00e4nden zu forschen, die auf eine rechtswidrige T\u00e4tigkeit hinweisen.<\/p>\n<p>Verpflichtungen zur Entfernung oder Sperrung der Nutzung von Informationen nach den allgemeinen Gesetzen bleiben hiervon unber\u00fchrt. Eine diesbez\u00fcgliche Haftung ist jedoch erst ab dem Zeitpunkt der Kenntnis einer konkreten Rechtsverletzung m\u00f6glich. Bei Bekanntwerden von entsprechenden Rechtsverletzungen werden wir diese Inhalte umgehend entfernen.<\/p>\n<h3>Haftung f\u00fcr Links<\/h3>\n<p>Unser Angebot enth\u00e4lt Links zu externen Websites Dritter, auf deren Inhalte wir keinen Einfluss haben. Deshalb k\u00f6nnen wir f\u00fcr diese fremden Inhalte auch keine Gew\u00e4hr \u00fcbernehmen. F\u00fcr die Inhalte der verlinkten Seiten ist stets der jeweilige Anbieter oder Betreiber der Seiten verantwortlich. Die verlinkten Seiten wurden zum Zeitpunkt der Verlinkung auf m\u00f6gliche Rechtsverst\u00f6\u00dfe \u00fcberpr\u00fcft. Rechtswidrige Inhalte waren zum Zeitpunkt der Verlinkung nicht erkennbar.<\/p>\n<p>Eine permanente inhaltliche Kontrolle der verlinkten Seiten ist jedoch ohne konkrete Anhaltspunkte einer Rechtsverletzung nicht zumutbar. Bei Bekanntwerden von Rechtsverletzungen werden wir derartige Links umgehend entfernen.<\/p>\n<h3>Urheberrecht<\/h3>\n<p>Die durch die Seitenbetreiber erstellten Inhalte und Werke auf diesen Seiten unterliegen dem deutschen Urheberrecht. Die Vervielf\u00e4ltigung, Bearbeitung, Verbreitung und jede Art der Verwertung au\u00dferhalb der Grenzen des Urheberrechtes bed\u00fcrfen der schriftlichen Zustimmung des jeweiligen Autors bzw. Erstellers. Downloads und Kopien dieser Seite sind nur f\u00fcr den privaten, nicht kommerziellen Gebrauch gestattet.<\/p>\n<p>Soweit die Inhalte auf dieser Seite nicht vom Betreiber erstellt wurden, werden die Urheberrechte Dritter beachtet. Insbesondere werden Inhalte Dritter als solche gekennzeichnet. Sollten Sie trotzdem auf eine Urheberrechtsverletzung aufmerksam werden, bitten wir um einen entsprechenden Hinweis. Bei Bekanntwerden von Rechtsverletzungen werden wir derartige Inhalte umgehend entfernen.<\/p>\n<\/div><\/section><\/div>\n<style type=\"text\/css\" data-created_by=\"avia_inline_auto\" id=\"style-css-av-uzas-e14f383d4ca5857a9ddf1bb47fa63d7c\">\n.flex_column.av-uzas-e14f383d4ca5857a9ddf1bb47fa63d7c{\nborder-radius:0px 0px 0px 0px;\npadding:0px 0px 0px 0px;\n}\n<\/style>\n<div  class='flex_column av-uzas-e14f383d4ca5857a9ddf1bb47fa63d7c av_two_fifth  avia-builder-el-3  el_after_av_three_fifth  avia-builder-el-last  flex_column_div av-zero-column-padding  '     ><section  class='av_textblock_section av-jv3ixw9w-52d42971d025656ebf3e81c8e718804e '   itemscope=\"itemscope\" itemtype=\"https:\/\/schema.org\/CreativeWork\" ><div class='avia_textblock'  itemprop=\"text\" ><h3>Webdesign &amp; Programmierung durch:<\/h3>\n<p><img decoding=\"async\" src=\"https:\/\/www.webdesign-doerrer.de\/wp-content\/uploads\/2025\/01\/Email-signature.svg\" alt=\"Email Signature\" width=\"260\" \/><\/p>\n<p>Webdesign Doerrer<br \/>\n<a title=\"Webdesign Doerrer\" href=\"https:\/\/www.webdesign-doerrer.de\" target=\"_blank\" rel=\"noopener\">www.webdesign-doerrer.de<\/a><\/p>\n<\/div><\/section><\/div>\n","protected":false},"excerpt":{"rendered":"","protected":false},"author":2,"featured_media":0,"parent":0,"menu_order":0,"comment_status":"closed","ping_status":"closed","template":"","meta":{"footnotes":""},"class_list":["post-28","page","type-page","status-publish","hentry"],"yoast_head":"<!-- This site is optimized with the Yoast SEO plugin v24.2 - https:\/\/yoast.com\/wordpress\/plugins\/seo\/ -->\n<title>Impressum - Th39 Trendhotel<\/title>\n<meta name=\"robots\" content=\"index, follow, max-snippet:-1, max-image-preview:large, max-video-preview:-1\" \/>\n<link rel=\"canonical\" href=\"https:\/\/www.th39-trendhotel.de\/de\/impressum\/\" \/>\n<meta property=\"og:locale\" content=\"de_DE\" \/>\n<meta property=\"og:type\" content=\"article\" \/>\n<meta property=\"og:title\" content=\"Impressum - Th39 Trendhotel\" \/>\n<meta property=\"og:url\" content=\"https:\/\/www.th39-trendhotel.de\/de\/impressum\/\" \/>\n<meta property=\"og:site_name\" content=\"Th39 Trendhotel\" \/>\n<meta property=\"article:modified_time\" content=\"2025-01-20T12:49:40+00:00\" \/>\n<meta property=\"og:image\" content=\"https:\/\/www.webdesign-doerrer.de\/wp-content\/uploads\/2025\/01\/Email-signature.svg\" \/>\n<meta name=\"twitter:card\" content=\"summary_large_image\" \/>\n<meta name=\"twitter:label1\" content=\"Gesch\u00e4tzte Lesezeit\" \/>\n\t<meta name=\"twitter:data1\" content=\"3\u00a0Minuten\" \/>\n<script type=\"application\/ld+json\" class=\"yoast-schema-graph\">{\"@context\":\"https:\/\/schema.org\",\"@graph\":[{\"@type\":\"WebPage\",\"@id\":\"https:\/\/www.th39-trendhotel.de\/de\/impressum\/\",\"url\":\"https:\/\/www.th39-trendhotel.de\/de\/impressum\/\",\"name\":\"Impressum - Th39 Trendhotel\",\"isPartOf\":{\"@id\":\"https:\/\/www.th39-trendhotel.de\/de\/#website\"},\"primaryImageOfPage\":{\"@id\":\"https:\/\/www.th39-trendhotel.de\/de\/impressum\/#primaryimage\"},\"image\":{\"@id\":\"https:\/\/www.th39-trendhotel.de\/de\/impressum\/#primaryimage\"},\"thumbnailUrl\":\"https:\/\/www.webdesign-doerrer.de\/wp-content\/uploads\/2025\/01\/Email-signature.svg\",\"datePublished\":\"2018-08-20T16:28:38+00:00\",\"dateModified\":\"2025-01-20T12:49:40+00:00\",\"breadcrumb\":{\"@id\":\"https:\/\/www.th39-trendhotel.de\/de\/impressum\/#breadcrumb\"},\"inLanguage\":\"de\",\"potentialAction\":[{\"@type\":\"ReadAction\",\"target\":[\"https:\/\/www.th39-trendhotel.de\/de\/impressum\/\"]}]},{\"@type\":\"ImageObject\",\"inLanguage\":\"de\",\"@id\":\"https:\/\/www.th39-trendhotel.de\/de\/impressum\/#primaryimage\",\"url\":\"https:\/\/www.webdesign-doerrer.de\/wp-content\/uploads\/2025\/01\/Email-signature.svg\",\"contentUrl\":\"https:\/\/www.webdesign-doerrer.de\/wp-content\/uploads\/2025\/01\/Email-signature.svg\"},{\"@type\":\"BreadcrumbList\",\"@id\":\"https:\/\/www.th39-trendhotel.de\/de\/impressum\/#breadcrumb\",\"itemListElement\":[{\"@type\":\"ListItem\",\"position\":1,\"name\":\"Startseite\",\"item\":\"https:\/\/www.th39-trendhotel.de\/de\/startseite\/\"},{\"@type\":\"ListItem\",\"position\":2,\"name\":\"Impressum\"}]},{\"@type\":\"WebSite\",\"@id\":\"https:\/\/www.th39-trendhotel.de\/de\/#website\",\"url\":\"https:\/\/www.th39-trendhotel.de\/de\/\",\"name\":\"Th39 Trendhotel\",\"description\":\"Trendhotel\",\"potentialAction\":[{\"@type\":\"SearchAction\",\"target\":{\"@type\":\"EntryPoint\",\"urlTemplate\":\"https:\/\/www.th39-trendhotel.de\/de\/?s={search_term_string}\"},\"query-input\":{\"@type\":\"PropertyValueSpecification\",\"valueRequired\":true,\"valueName\":\"search_term_string\"}}],\"inLanguage\":\"de\"}]}<\/script>\n<!-- \/ Yoast SEO plugin. -->","yoast_head_json":{"title":"Impressum - Th39 Trendhotel","robots":{"index":"index","follow":"follow","max-snippet":"max-snippet:-1","max-image-preview":"max-image-preview:large","max-video-preview":"max-video-preview:-1"},"canonical":"https:\/\/www.th39-trendhotel.de\/de\/impressum\/","og_locale":"de_DE","og_type":"article","og_title":"Impressum - Th39 Trendhotel","og_url":"https:\/\/www.th39-trendhotel.de\/de\/impressum\/","og_site_name":"Th39 Trendhotel","article_modified_time":"2025-01-20T12:49:40+00:00","og_image":[{"url":"https:\/\/www.webdesign-doerrer.de\/wp-content\/uploads\/2025\/01\/Email-signature.svg","type":"","width":"","height":""}],"twitter_card":"summary_large_image","twitter_misc":{"Gesch\u00e4tzte Lesezeit":"3\u00a0Minuten"},"schema":{"@context":"https:\/\/schema.org","@graph":[{"@type":"WebPage","@id":"https:\/\/www.th39-trendhotel.de\/de\/impressum\/","url":"https:\/\/www.th39-trendhotel.de\/de\/impressum\/","name":"Impressum - Th39 Trendhotel","isPartOf":{"@id":"https:\/\/www.th39-trendhotel.de\/de\/#website"},"primaryImageOfPage":{"@id":"https:\/\/www.th39-trendhotel.de\/de\/impressum\/#primaryimage"},"image":{"@id":"https:\/\/www.th39-trendhotel.de\/de\/impressum\/#primaryimage"},"thumbnailUrl":"https:\/\/www.webdesign-doerrer.de\/wp-content\/uploads\/2025\/01\/Email-signature.svg","datePublished":"2018-08-20T16:28:38+00:00","dateModified":"2025-01-20T12:49:40+00:00","breadcrumb":{"@id":"https:\/\/www.th39-trendhotel.de\/de\/impressum\/#breadcrumb"},"inLanguage":"de","potentialAction":[{"@type":"ReadAction","target":["https:\/\/www.th39-trendhotel.de\/de\/impressum\/"]}]},{"@type":"ImageObject","inLanguage":"de","@id":"https:\/\/www.th39-trendhotel.de\/de\/impressum\/#primaryimage","url":"https:\/\/www.webdesign-doerrer.de\/wp-content\/uploads\/2025\/01\/Email-signature.svg","contentUrl":"https:\/\/www.webdesign-doerrer.de\/wp-content\/uploads\/2025\/01\/Email-signature.svg"},{"@type":"BreadcrumbList","@id":"https:\/\/www.th39-trendhotel.de\/de\/impressum\/#breadcrumb","itemListElement":[{"@type":"ListItem","position":1,"name":"Startseite","item":"https:\/\/www.th39-trendhotel.de\/de\/startseite\/"},{"@type":"ListItem","position":2,"name":"Impressum"}]},{"@type":"WebSite","@id":"https:\/\/www.th39-trendhotel.de\/de\/#website","url":"https:\/\/www.th39-trendhotel.de\/de\/","name":"Th39 Trendhotel","description":"Trendhotel","potentialAction":[{"@type":"SearchAction","target":{"@type":"EntryPoint","urlTemplate":"https:\/\/www.th39-trendhotel.de\/de\/?s={search_term_string}"},"query-input":{"@type":"PropertyValueSpecification","valueRequired":true,"valueName":"search_term_string"}}],"inLanguage":"de"}]}},"_links":{"self":[{"href":"https:\/\/www.th39-trendhotel.de\/de\/wp-json\/wp\/v2\/pages\/28","targetHints":{"allow":["GET"]}}],"collection":[{"href":"https:\/\/www.th39-trendhotel.de\/de\/wp-json\/wp\/v2\/pages"}],"about":[{"href":"https:\/\/www.th39-trendhotel.de\/de\/wp-json\/wp\/v2\/types\/page"}],"author":[{"embeddable":true,"href":"https:\/\/www.th39-trendhotel.de\/de\/wp-json\/wp\/v2\/users\/2"}],"replies":[{"embeddable":true,"href":"https:\/\/www.th39-trendhotel.de\/de\/wp-json\/wp\/v2\/comments?post=28"}],"version-history":[{"count":12,"href":"https:\/\/www.th39-trendhotel.de\/de\/wp-json\/wp\/v2\/pages\/28\/revisions"}],"predecessor-version":[{"id":874,"href":"https:\/\/www.th39-trendhotel.de\/de\/wp-json\/wp\/v2\/pages\/28\/revisions\/874"}],"wp:attachment":[{"href":"https:\/\/www.th39-trendhotel.de\/de\/wp-json\/wp\/v2\/media?parent=28"}],"curies":[{"name":"wp","href":"https:\/\/api.w.org\/{rel}","templated":true}]}}